{"id":146,"date":"2025-03-21T16:42:17","date_gmt":"2025-03-21T16:42:17","guid":{"rendered":"https:\/\/ujialba.com\/?page_id=146"},"modified":"2025-05-19T17:10:26","modified_gmt":"2025-05-19T17:10:26","slug":"produktet","status":"publish","type":"page","link":"https:\/\/ujialba.com\/en\/produktet\/","title":{"rendered":"Products"},"content":{"rendered":"\t\t<div data-elementor-type=\"wp-page\" data-elementor-id=\"146\" class=\"elementor elementor-146\" data-elementor-post-type=\"page\">\n\t\t\t\t<div class=\"elementor-element elementor-element-399f837 e-flex e-con-boxed e-con e-parent\" data-id=\"399f837\" data-element_type=\"container\" data-e-type=\"container\">\n\t\t\t\t\t<div class=\"e-con-inner\">\n\t\t<div class=\"elementor-element elementor-element-cb436fa e-con-full e-flex e-con e-child\" data-id=\"cb436fa\" data-element_type=\"container\" data-e-type=\"container\">\n\t\t\t\t<div class=\"elementor-element elementor-element-60a41fb elementor-widget elementor-widget-text-editor\" data-id=\"60a41fb\" data-element_type=\"widget\" data-e-type=\"widget\" data-widget_type=\"text-editor.default\">\n\t\t\t\t<div class=\"elementor-widget-container\">\n\t\t\t\t\t\t\t\t\t<h2>Formatet e Uji Alba<\/h2><p class=\"\" data-start=\"0\" data-end=\"43\"><strong data-start=\"0\" data-end=\"41\">Formate t\u00eb P\u00ebrshtatura p\u00ebr \u00c7do Nevoj\u00eb: <\/strong>0.5L, 6L, 19L<\/p><p class=\"\" data-start=\"45\" data-end=\"142\">Nga paketimet praktike deri te rezervuar\u00ebt e m\u00ebdhenj, ofrojm\u00eb formate t\u00eb ndryshme p\u00ebr \u00e7do rast:<\/p><p class=\"\" data-start=\"144\" data-end=\"376\">\ud83d\udca7 <strong data-start=\"147\" data-end=\"155\">0.5L<\/strong> \u2013 Ideal p\u00ebr freski n\u00eb l\u00ebvizje.<br data-start=\"186\" data-end=\"189\" \/>\ud83d\udca7 <strong>6L<\/strong> \u2013 Zgjedhja perfekte p\u00ebr p\u00ebrdorim t\u00eb p\u00ebrditsh\u00ebm.<br data-start=\"248\" data-end=\"251\" \/>\ud83d\udca7 <strong>19L<\/strong> \u2013 E p\u00ebrshtatshme p\u00ebr familje dhe zyra.<\/p><p class=\"\" data-start=\"378\" data-end=\"440\">\u00c7do format garanton past\u00ebrti, freski dhe rehati n\u00eb \u00e7do moment!<\/p><p>Produktet tona kan\u00eb standardin m\u00eb t\u00eb lart\u00eb t\u00eb mbushjes dhe paketimit, duke ndjekur t\u00eb gjith\u00eb rregullat e prodhimit n\u00eb p\u00ebrputhje me standardet e EU.<\/p><article class=\"w-full text-token-text-primary\" dir=\"auto\" data-testid=\"conversation-turn-54\" data-scroll-anchor=\"true\"><div class=\"text-base my-auto mx-auto py-5 px-6\"><div class=\"mx-auto flex flex-1 text-base gap-4 md:gap-5 lg:gap-6 md:max-w-3xl lg:max-w-[40rem] xl:max-w-[48rem] group\/turn-messages focus-visible:outline-none\" tabindex=\"-1\"><div class=\"group\/conversation-turn relative flex w-full min-w-0 flex-col agent-turn @xs\/thread:px-0 @sm\/thread:px-1.5 @md\/thread:px-4\"><div class=\"relative flex-col gap-1 md:gap-3\"><div class=\"flex max-w-full flex-col flex-grow\"><div class=\"min-h-8 text-message relative flex w-full flex-col items-end gap-2 whitespace-normal break-words text-start [.text-message+&amp;]:mt-5\" dir=\"auto\" data-message-author-role=\"assistant\" data-message-id=\"43b11cf5-8ea5-4fba-9380-0fc705c8ac35\" data-message-model-slug=\"gpt-4o\"><div class=\"flex w-full flex-col gap-1 empty:hidden first:pt-[3px]\"><div class=\"markdown prose w-full break-words dark:prose-invert dark\"><p class=\"\" data-start=\"457\" data-end=\"609\">Produktet tona jan\u00eb prodhuar me materiale t\u00eb sigurta, t\u00eb riciklueshme dhe me dizajn ergonomik, p\u00ebr t\u00eb garantuar past\u00ebrti, freski dhe rehati n\u00eb \u00e7do moment!<\/p><\/div><\/div><\/div><\/div><\/div><\/div><\/div><\/div><\/article>\t\t\t\t\t\t\t\t<\/div>\n\t\t\t\t<\/div>\n\t\t\t\t<\/div>\n\t\t<div class=\"elementor-element elementor-element-45c6ed6 e-con-full e-flex e-con e-child\" data-id=\"45c6ed6\" data-element_type=\"container\" data-e-type=\"container\">\n\t\t\t\t<div class=\"elementor-element elementor-element-6707179 elementor-widget elementor-widget-image\" data-id=\"6707179\" data-element_type=\"widget\" data-e-type=\"widget\" data-widget_type=\"image.default\">\n\t\t\t\t<div class=\"elementor-widget-container\">\n\t\t\t\t\t\t\t\t\t\t\t\t\t\t\t<img fetchpriority=\"high\" decoding=\"async\" width=\"800\" height=\"571\" src=\"https:\/\/ujialba.com\/wp-content\/uploads\/2025\/05\/Uji-Alba-Produktet-1024x731.jpg\" class=\"attachment-large size-large wp-image-525\" alt=\"Uji Alba Produktet\" srcset=\"https:\/\/ujialba.com\/wp-content\/uploads\/2025\/05\/Uji-Alba-Produktet-1024x731.jpg 1024w, https:\/\/ujialba.com\/wp-content\/uploads\/2025\/05\/Uji-Alba-Produktet-300x214.jpg 300w, https:\/\/ujialba.com\/wp-content\/uploads\/2025\/05\/Uji-Alba-Produktet-768x549.jpg 768w, https:\/\/ujialba.com\/wp-content\/uploads\/2025\/05\/Uji-Alba-Produktet-1536x1097.jpg 1536w, https:\/\/ujialba.com\/wp-content\/uploads\/2025\/05\/Uji-Alba-Produktet-2048x1463.jpg 2048w, https:\/\/ujialba.com\/wp-content\/uploads\/2025\/05\/Uji-Alba-Produktet-18x12.jpg 18w\" sizes=\"(max-width: 800px) 100vw, 800px\" \/>\t\t\t\t\t\t\t\t\t\t\t\t\t\t\t<\/div>\n\t\t\t\t<\/div>\n\t\t\t\t<\/div>\n\t\t\t\t\t<\/div>\n\t\t\t\t<\/div>\n\t\t<div class=\"elementor-element elementor-element-b00dff5 e-grid e-con-boxed e-con e-parent\" data-id=\"b00dff5\" data-element_type=\"container\" data-e-type=\"container\">\n\t\t\t\t\t<div class=\"e-con-inner\">\n\t\t\t\t<div class=\"elementor-element elementor-element-72f6b5f elementor-widget elementor-widget-image\" data-id=\"72f6b5f\" data-element_type=\"widget\" data-e-type=\"widget\" data-widget_type=\"image.default\">\n\t\t\t\t<div class=\"elementor-widget-container\">\n\t\t\t\t\t\t\t\t\t\t\t\t\t\t\t<img decoding=\"async\" width=\"768\" height=\"1064\" src=\"https:\/\/ujialba.com\/wp-content\/uploads\/2025\/05\/Uji-Alba-0.5L-1-768x1064.png\" class=\"attachment-medium_large size-medium_large wp-image-518\" alt=\"Uji Alba 0.5L\" srcset=\"https:\/\/ujialba.com\/wp-content\/uploads\/2025\/05\/Uji-Alba-0.5L-1-768x1064.png 768w, https:\/\/ujialba.com\/wp-content\/uploads\/2025\/05\/Uji-Alba-0.5L-1-217x300.png 217w, https:\/\/ujialba.com\/wp-content\/uploads\/2025\/05\/Uji-Alba-0.5L-1-739x1024.png 739w, https:\/\/ujialba.com\/wp-content\/uploads\/2025\/05\/Uji-Alba-0.5L-1-1109x1536.png 1109w, https:\/\/ujialba.com\/wp-content\/uploads\/2025\/05\/Uji-Alba-0.5L-1-9x12.png 9w, https:\/\/ujialba.com\/wp-content\/uploads\/2025\/05\/Uji-Alba-0.5L-1.png 1478w\" sizes=\"(max-width: 768px) 100vw, 768px\" \/>\t\t\t\t\t\t\t\t\t\t\t\t\t\t\t<\/div>\n\t\t\t\t<\/div>\n\t\t\t\t<div class=\"elementor-element elementor-element-23c39e2 elementor-widget elementor-widget-image\" data-id=\"23c39e2\" data-element_type=\"widget\" data-e-type=\"widget\" data-widget_type=\"image.default\">\n\t\t\t\t<div class=\"elementor-widget-container\">\n\t\t\t\t\t\t\t\t\t\t\t\t\t\t\t<img decoding=\"async\" width=\"740\" height=\"1024\" src=\"https:\/\/ujialba.com\/wp-content\/uploads\/2025\/05\/Uji-Alba-6L-740x1024.png\" class=\"attachment-large size-large wp-image-520\" alt=\"Uji Alba 6L\" srcset=\"https:\/\/ujialba.com\/wp-content\/uploads\/2025\/05\/Uji-Alba-6L-740x1024.png 740w, https:\/\/ujialba.com\/wp-content\/uploads\/2025\/05\/Uji-Alba-6L-217x300.png 217w, https:\/\/ujialba.com\/wp-content\/uploads\/2025\/05\/Uji-Alba-6L-768x1063.png 768w, https:\/\/ujialba.com\/wp-content\/uploads\/2025\/05\/Uji-Alba-6L-1109x1536.png 1109w, https:\/\/ujialba.com\/wp-content\/uploads\/2025\/05\/Uji-Alba-6L-9x12.png 9w, https:\/\/ujialba.com\/wp-content\/uploads\/2025\/05\/Uji-Alba-6L.png 1479w\" sizes=\"(max-width: 740px) 100vw, 740px\" \/>\t\t\t\t\t\t\t\t\t\t\t\t\t\t\t<\/div>\n\t\t\t\t<\/div>\n\t\t\t\t<div class=\"elementor-element elementor-element-dd485c2 elementor-widget elementor-widget-image\" data-id=\"dd485c2\" data-element_type=\"widget\" data-e-type=\"widget\" data-widget_type=\"image.default\">\n\t\t\t\t<div class=\"elementor-widget-container\">\n\t\t\t\t\t\t\t\t\t\t\t\t\t\t\t<img loading=\"lazy\" decoding=\"async\" width=\"739\" height=\"1024\" src=\"https:\/\/ujialba.com\/wp-content\/uploads\/2025\/05\/Uji-Alba-19L-1-739x1024.png\" class=\"attachment-large size-large wp-image-539\" alt=\"Uji Alba 19L\" srcset=\"https:\/\/ujialba.com\/wp-content\/uploads\/2025\/05\/Uji-Alba-19L-1-739x1024.png 739w, https:\/\/ujialba.com\/wp-content\/uploads\/2025\/05\/Uji-Alba-19L-1-217x300.png 217w, https:\/\/ujialba.com\/wp-content\/uploads\/2025\/05\/Uji-Alba-19L-1-768x1064.png 768w, https:\/\/ujialba.com\/wp-content\/uploads\/2025\/05\/Uji-Alba-19L-1-1109x1536.png 1109w, https:\/\/ujialba.com\/wp-content\/uploads\/2025\/05\/Uji-Alba-19L-1-9x12.png 9w, https:\/\/ujialba.com\/wp-content\/uploads\/2025\/05\/Uji-Alba-19L-1.png 1479w\" sizes=\"(max-width: 739px) 100vw, 739px\" \/>\t\t\t\t\t\t\t\t\t\t\t\t\t\t\t<\/div>\n\t\t\t\t<\/div>\n\t\t\t\t\t<\/div>\n\t\t\t\t<\/div>\n\t\t\t\t<\/div>\n\t\t","protected":false},"excerpt":{"rendered":"<p>Formatet e Uji Alba Formate t\u00eb P\u00ebrshtatura p\u00ebr \u00c7do Nevoj\u00eb: 0.5L, 6L, 19L Nga paketimet praktike deri te rezervuar\u00ebt e m\u00ebdhenj, ofrojm\u00eb formate t\u00eb ndryshme p\u00ebr \u00e7do rast: \ud83d\udca7 0.5L \u2013 Ideal p\u00ebr freski n\u00eb l\u00ebvizje.\ud83d\udca7 6L \u2013 Zgjedhja perfekte p\u00ebr p\u00ebrdorim t\u00eb p\u00ebrditsh\u00ebm.\ud83d\udca7 19L \u2013 E p\u00ebrshtatshme p\u00ebr familje dhe zyra. \u00c7do format garanton [&hellip;]<\/p>\n","protected":false},"author":1,"featured_media":0,"parent":0,"menu_order":0,"comment_status":"closed","ping_status":"closed","template":"","meta":{"footnotes":""},"class_list":["post-146","page","type-page","status-publish","hentry"],"yoast_head":"<!-- This site is optimized with the Yoast SEO plugin v27.2 - https:\/\/yoast.com\/product\/yoast-seo-wordpress\/ -->\n<title>Produktet - Uji Alba<\/title>\n<meta name=\"robots\" content=\"index, follow, max-snippet:-1, max-image-preview:large, max-video-preview:-1\" \/>\n<link rel=\"canonical\" href=\"https:\/\/ujialba.com\/en\/produktet\/\" \/>\n<meta property=\"og:locale\" content=\"en_GB\" \/>\n<meta property=\"og:type\" content=\"article\" \/>\n<meta property=\"og:title\" content=\"Produktet - Uji Alba\" \/>\n<meta property=\"og:description\" content=\"Formatet e Uji Alba Formate t\u00eb P\u00ebrshtatura p\u00ebr \u00c7do Nevoj\u00eb: 0.5L, 6L, 19L Nga paketimet praktike deri te rezervuar\u00ebt e m\u00ebdhenj, ofrojm\u00eb formate t\u00eb ndryshme p\u00ebr \u00e7do rast: \ud83d\udca7 0.5L \u2013 Ideal p\u00ebr freski n\u00eb l\u00ebvizje.\ud83d\udca7 6L \u2013 Zgjedhja perfekte p\u00ebr p\u00ebrdorim t\u00eb p\u00ebrditsh\u00ebm.\ud83d\udca7 19L \u2013 E p\u00ebrshtatshme p\u00ebr familje dhe zyra. \u00c7do format garanton [&hellip;]\" \/>\n<meta property=\"og:url\" content=\"https:\/\/ujialba.com\/en\/produktet\/\" \/>\n<meta property=\"og:site_name\" content=\"Uji Alba\" \/>\n<meta property=\"article:modified_time\" content=\"2025-05-19T17:10:26+00:00\" \/>\n<meta property=\"og:image\" content=\"https:\/\/ujialba.com\/wp-content\/uploads\/2025\/05\/Uji-Alba-Produktet-scaled.jpg\" \/>\n\t<meta property=\"og:image:width\" content=\"2560\" \/>\n\t<meta property=\"og:image:height\" content=\"1829\" \/>\n\t<meta property=\"og:image:type\" content=\"image\/jpeg\" \/>\n<meta name=\"twitter:card\" content=\"summary_large_image\" \/>\n<meta name=\"twitter:label1\" content=\"Estimated reading time\" \/>\n\t<meta name=\"twitter:data1\" content=\"2 minutes\" \/>\n<script type=\"application\/ld+json\" class=\"yoast-schema-graph\">{\"@context\":\"https:\/\/schema.org\",\"@graph\":[{\"@type\":\"WebPage\",\"@id\":\"https:\/\/ujialba.com\/produktet\/\",\"url\":\"https:\/\/ujialba.com\/produktet\/\",\"name\":\"Produktet - Uji Alba\",\"isPartOf\":{\"@id\":\"https:\/\/ujialba.com\/#website\"},\"primaryImageOfPage\":{\"@id\":\"https:\/\/ujialba.com\/produktet\/#primaryimage\"},\"image\":{\"@id\":\"https:\/\/ujialba.com\/produktet\/#primaryimage\"},\"thumbnailUrl\":\"https:\/\/ujialba.com\/wp-content\/uploads\/2025\/05\/Uji-Alba-Produktet-1024x731.jpg\",\"datePublished\":\"2025-03-21T16:42:17+00:00\",\"dateModified\":\"2025-05-19T17:10:26+00:00\",\"breadcrumb\":{\"@id\":\"https:\/\/ujialba.com\/produktet\/#breadcrumb\"},\"inLanguage\":\"en-GB\",\"potentialAction\":[{\"@type\":\"ReadAction\",\"target\":[\"https:\/\/ujialba.com\/produktet\/\"]}]},{\"@type\":\"ImageObject\",\"inLanguage\":\"en-GB\",\"@id\":\"https:\/\/ujialba.com\/produktet\/#primaryimage\",\"url\":\"https:\/\/ujialba.com\/wp-content\/uploads\/2025\/05\/Uji-Alba-Produktet-1024x731.jpg\",\"contentUrl\":\"https:\/\/ujialba.com\/wp-content\/uploads\/2025\/05\/Uji-Alba-Produktet-1024x731.jpg\"},{\"@type\":\"BreadcrumbList\",\"@id\":\"https:\/\/ujialba.com\/produktet\/#breadcrumb\",\"itemListElement\":[{\"@type\":\"ListItem\",\"position\":1,\"name\":\"Home\",\"item\":\"https:\/\/ujialba.com\/\"},{\"@type\":\"ListItem\",\"position\":2,\"name\":\"Produktet\"}]},{\"@type\":\"WebSite\",\"@id\":\"https:\/\/ujialba.com\/#website\",\"url\":\"https:\/\/ujialba.com\/\",\"name\":\"Uji Alba\",\"description\":\"\",\"publisher\":{\"@id\":\"https:\/\/ujialba.com\/#organization\"},\"potentialAction\":[{\"@type\":\"SearchAction\",\"target\":{\"@type\":\"EntryPoint\",\"urlTemplate\":\"https:\/\/ujialba.com\/?s={search_term_string}\"},\"query-input\":{\"@type\":\"PropertyValueSpecification\",\"valueRequired\":true,\"valueName\":\"search_term_string\"}}],\"inLanguage\":\"en-GB\"},{\"@type\":\"Organization\",\"@id\":\"https:\/\/ujialba.com\/#organization\",\"name\":\"Uji Alba\",\"url\":\"https:\/\/ujialba.com\/\",\"logo\":{\"@type\":\"ImageObject\",\"inLanguage\":\"en-GB\",\"@id\":\"https:\/\/ujialba.com\/#\/schema\/logo\/image\/\",\"url\":\"https:\/\/ujialba.com\/wp-content\/uploads\/2025\/03\/Uji-Alba-Logo-1.png\",\"contentUrl\":\"https:\/\/ujialba.com\/wp-content\/uploads\/2025\/03\/Uji-Alba-Logo-1.png\",\"width\":576,\"height\":576,\"caption\":\"Uji Alba\"},\"image\":{\"@id\":\"https:\/\/ujialba.com\/#\/schema\/logo\/image\/\"}}]}<\/script>\n<!-- \/ Yoast SEO plugin. -->","yoast_head_json":{"title":"Produktet - Uji Alba","robots":{"index":"index","follow":"follow","max-snippet":"max-snippet:-1","max-image-preview":"max-image-preview:large","max-video-preview":"max-video-preview:-1"},"canonical":"https:\/\/ujialba.com\/en\/produktet\/","og_locale":"en_GB","og_type":"article","og_title":"Produktet - Uji Alba","og_description":"Formatet e Uji Alba Formate t\u00eb P\u00ebrshtatura p\u00ebr \u00c7do Nevoj\u00eb: 0.5L, 6L, 19L Nga paketimet praktike deri te rezervuar\u00ebt e m\u00ebdhenj, ofrojm\u00eb formate t\u00eb ndryshme p\u00ebr \u00e7do rast: \ud83d\udca7 0.5L \u2013 Ideal p\u00ebr freski n\u00eb l\u00ebvizje.\ud83d\udca7 6L \u2013 Zgjedhja perfekte p\u00ebr p\u00ebrdorim t\u00eb p\u00ebrditsh\u00ebm.\ud83d\udca7 19L \u2013 E p\u00ebrshtatshme p\u00ebr familje dhe zyra. \u00c7do format garanton [&hellip;]","og_url":"https:\/\/ujialba.com\/en\/produktet\/","og_site_name":"Uji Alba","article_modified_time":"2025-05-19T17:10:26+00:00","og_image":[{"width":2560,"height":1829,"url":"https:\/\/ujialba.com\/wp-content\/uploads\/2025\/05\/Uji-Alba-Produktet-scaled.jpg","type":"image\/jpeg"}],"twitter_card":"summary_large_image","twitter_misc":{"Estimated reading time":"2 minutes"},"schema":{"@context":"https:\/\/schema.org","@graph":[{"@type":"WebPage","@id":"https:\/\/ujialba.com\/produktet\/","url":"https:\/\/ujialba.com\/produktet\/","name":"Produktet - Uji Alba","isPartOf":{"@id":"https:\/\/ujialba.com\/#website"},"primaryImageOfPage":{"@id":"https:\/\/ujialba.com\/produktet\/#primaryimage"},"image":{"@id":"https:\/\/ujialba.com\/produktet\/#primaryimage"},"thumbnailUrl":"https:\/\/ujialba.com\/wp-content\/uploads\/2025\/05\/Uji-Alba-Produktet-1024x731.jpg","datePublished":"2025-03-21T16:42:17+00:00","dateModified":"2025-05-19T17:10:26+00:00","breadcrumb":{"@id":"https:\/\/ujialba.com\/produktet\/#breadcrumb"},"inLanguage":"en-GB","potentialAction":[{"@type":"ReadAction","target":["https:\/\/ujialba.com\/produktet\/"]}]},{"@type":"ImageObject","inLanguage":"en-GB","@id":"https:\/\/ujialba.com\/produktet\/#primaryimage","url":"https:\/\/ujialba.com\/wp-content\/uploads\/2025\/05\/Uji-Alba-Produktet-1024x731.jpg","contentUrl":"https:\/\/ujialba.com\/wp-content\/uploads\/2025\/05\/Uji-Alba-Produktet-1024x731.jpg"},{"@type":"BreadcrumbList","@id":"https:\/\/ujialba.com\/produktet\/#breadcrumb","itemListElement":[{"@type":"ListItem","position":1,"name":"Home","item":"https:\/\/ujialba.com\/"},{"@type":"ListItem","position":2,"name":"Produktet"}]},{"@type":"WebSite","@id":"https:\/\/ujialba.com\/#website","url":"https:\/\/ujialba.com\/","name":"Water Alba","description":"","publisher":{"@id":"https:\/\/ujialba.com\/#organization"},"potentialAction":[{"@type":"SearchAction","target":{"@type":"EntryPoint","urlTemplate":"https:\/\/ujialba.com\/?s={search_term_string}"},"query-input":{"@type":"PropertyValueSpecification","valueRequired":true,"valueName":"search_term_string"}}],"inLanguage":"en-GB"},{"@type":"Organization","@id":"https:\/\/ujialba.com\/#organization","name":"Water Alba","url":"https:\/\/ujialba.com\/","logo":{"@type":"ImageObject","inLanguage":"en-GB","@id":"https:\/\/ujialba.com\/#\/schema\/logo\/image\/","url":"https:\/\/ujialba.com\/wp-content\/uploads\/2025\/03\/Uji-Alba-Logo-1.png","contentUrl":"https:\/\/ujialba.com\/wp-content\/uploads\/2025\/03\/Uji-Alba-Logo-1.png","width":576,"height":576,"caption":"Uji Alba"},"image":{"@id":"https:\/\/ujialba.com\/#\/schema\/logo\/image\/"}}]}},"_links":{"self":[{"href":"https:\/\/ujialba.com\/en\/wp-json\/wp\/v2\/pages\/146","targetHints":{"allow":["GET"]}}],"collection":[{"href":"https:\/\/ujialba.com\/en\/wp-json\/wp\/v2\/pages"}],"about":[{"href":"https:\/\/ujialba.com\/en\/wp-json\/wp\/v2\/types\/page"}],"author":[{"embeddable":true,"href":"https:\/\/ujialba.com\/en\/wp-json\/wp\/v2\/users\/1"}],"replies":[{"embeddable":true,"href":"https:\/\/ujialba.com\/en\/wp-json\/wp\/v2\/comments?post=146"}],"version-history":[{"count":43,"href":"https:\/\/ujialba.com\/en\/wp-json\/wp\/v2\/pages\/146\/revisions"}],"predecessor-version":[{"id":542,"href":"https:\/\/ujialba.com\/en\/wp-json\/wp\/v2\/pages\/146\/revisions\/542"}],"wp:attachment":[{"href":"https:\/\/ujialba.com\/en\/wp-json\/wp\/v2\/media?parent=146"}],"curies":[{"name":"wp","href":"https:\/\/api.w.org\/{rel}","templated":true}]}}